{"id":3731,"date":"2023-11-10T09:48:15","date_gmt":"2023-11-10T08:48:15","guid":{"rendered":"https:\/\/www.lesclarines.com\/?page_id=3731"},"modified":"2024-03-13T17:46:41","modified_gmt":"2024-03-13T16:46:41","slug":"correncon-sommer","status":"publish","type":"page","link":"https:\/\/www.lesclarines.com\/de_de\/tourisme\/correncon-ete\/","title":{"rendered":"Corren\u00e7on im Sommer"},"content":{"rendered":"<div data-elementor-type=\"wp-page\" data-elementor-id=\"3731\" class=\"elementor elementor-3731\" data-elementor-post-type=\"page\">\n\t\t\t\t<div class=\"elementor-element elementor-element-5152dd76 e-con-full e-flex e-con e-parent\" data-id=\"5152dd76\" data-element_type=\"container\" data-e-type=\"container\" id=\"top\" data-settings=\"{&quot;background_background&quot;:&quot;classic&quot;}\">\n\t\t\t\t<div class=\"elementor-element elementor-element-337d6633 elementor-widget elementor-widget-heading\" data-id=\"337d6633\" data-element_type=\"widget\" data-e-type=\"widget\" data-widget_type=\"heading.default\">\n\t\t\t\t<div class=\"elementor-widget-container\">\n\t\t\t\t\t<h1 class=\"elementor-heading-title elementor-size-default\">Corren\u00e7on im Sommer<\/h1>\t\t\t\t<\/div>\n\t\t\t\t<\/div>\n\t\t\t\t<\/div>\n\t\t<div class=\"elementor-element elementor-element-1a17b6c0 e-con-full e-flex e-con e-parent\" data-id=\"1a17b6c0\" data-element_type=\"container\" data-e-type=\"container\" id=\"first-content\">\n\t\t<div class=\"elementor-element elementor-element-7aec88e9 e-con-full e-flex e-con e-child\" data-id=\"7aec88e9\" data-element_type=\"container\" data-e-type=\"container\">\n\t\t\t\t<div class=\"elementor-element elementor-element-17d7a66f elementor-widget elementor-widget-heading\" data-id=\"17d7a66f\" data-element_type=\"widget\" data-e-type=\"widget\" data-widget_type=\"heading.default\">\n\t\t\t\t<div class=\"elementor-widget-container\">\n\t\t\t\t\t<h2 class=\"elementor-heading-title elementor-size-default\">Der Parc du Vercors, ein Paradies f\u00fcr alle Aktivit\u00e4ten im Sommer<\/h2>\t\t\t\t<\/div>\n\t\t\t\t<\/div>\n\t\t\t\t<div class=\"elementor-element elementor-element-f65d0eb elementor-widget elementor-widget-text-editor\" data-id=\"f65d0eb\" data-element_type=\"widget\" data-e-type=\"widget\" data-widget_type=\"text-editor.default\">\n\t\t\t\t<div class=\"elementor-widget-container\">\n\t\t\t\t\t\t\t\t\t<p>Vercors, ein Paradies f\u00fcr Naturliebhaber, ist ein ideales Reiseziel f\u00fcr alle, die sich bewegen, \u00fcber sich hinauswachsen, neue Energie tanken, entdecken und Abenteuer erleben m\u00f6chten... inmitten einer v\u00f6llig intakten Umwelt. Das Dorf Corren\u00e7on en Vercors, das mit dem G\u00fctesiegel \"Famille Plus\" ausgezeichnet ist und auf 1111 m H\u00f6he liegt, bietet eine Postkartenlandschaft. Eingebettet am s\u00fcdlichen Ende der riesigen Hochebene des Val de Lans, im Zentrum einer von W\u00e4ldern umgebenen Lichtung, versammelt Corren\u00e7on-en-Vercors sein Dorf unter den majest\u00e4tischen Gipfeln der kleinen und der gro\u00dfen Moucherolle (2285 m).<\/p>\t\t\t\t\t\t\t\t<\/div>\n\t\t\t\t<\/div>\n\t\t\t\t<div class=\"elementor-element elementor-element-a6f9b48 elementor-widget-tablet__width-inherit elementor-widget elementor-widget-image\" data-id=\"a6f9b48\" data-element_type=\"widget\" data-e-type=\"widget\" data-widget_type=\"image.default\">\n\t\t\t\t<div class=\"elementor-widget-container\">\n\t\t\t\t\t\t\t\t\t\t\t\t\t\t\t<img fetchpriority=\"high\" decoding=\"async\" width=\"800\" height=\"601\" src=\"https:\/\/www.lesclarines.com\/wp-content\/uploads\/2024\/03\/piscine-hauteur-1024x769.jpg\" class=\"attachment-large size-large wp-image-4348\" alt=\"\" srcset=\"https:\/\/www.lesclarines.com\/wp-content\/uploads\/2024\/03\/piscine-hauteur-1024x769.jpg 1024w, https:\/\/www.lesclarines.com\/wp-content\/uploads\/2024\/03\/piscine-hauteur-300x225.jpg 300w, https:\/\/www.lesclarines.com\/wp-content\/uploads\/2024\/03\/piscine-hauteur-768x577.jpg 768w, https:\/\/www.lesclarines.com\/wp-content\/uploads\/2024\/03\/piscine-hauteur-16x12.jpg 16w, https:\/\/www.lesclarines.com\/wp-content\/uploads\/2024\/03\/piscine-hauteur.jpg 1488w\" sizes=\"(max-width: 800px) 100vw, 800px\" title=\"\">\t\t\t\t\t\t\t\t\t\t\t\t\t\t\t<\/div>\n\t\t\t\t<\/div>\n\t\t\t\t<\/div>\n\t\t<div class=\"elementor-element elementor-element-65eb2804 e-con-full e-flex e-con e-child\" data-id=\"65eb2804\" data-element_type=\"container\" data-e-type=\"container\">\n\t\t\t\t<div class=\"elementor-element elementor-element-1a75b8ef elementor-widget-tablet__width-inherit elementor-widget elementor-widget-image\" data-id=\"1a75b8ef\" data-element_type=\"widget\" data-e-type=\"widget\" data-widget_type=\"image.default\">\n\t\t\t\t<div class=\"elementor-widget-container\">\n\t\t\t\t\t\t\t\t\t\t\t\t\t\t\t<img decoding=\"async\" width=\"768\" height=\"1024\" src=\"https:\/\/www.lesclarines.com\/wp-content\/uploads\/2024\/03\/Golf.jpg\" class=\"attachment-large size-large wp-image-4340\" alt=\"\" srcset=\"https:\/\/www.lesclarines.com\/wp-content\/uploads\/2024\/03\/Golf.jpg 768w, https:\/\/www.lesclarines.com\/wp-content\/uploads\/2024\/03\/Golf-225x300.jpg 225w, https:\/\/www.lesclarines.com\/wp-content\/uploads\/2024\/03\/Golf-9x12.jpg 9w\" sizes=\"(max-width: 768px) 100vw, 768px\" title=\"\">\t\t\t\t\t\t\t\t\t\t\t\t\t\t\t<\/div>\n\t\t\t\t<\/div>\n\t\t\t\t<\/div>\n\t\t\t\t<\/div>\n\t\t<div class=\"elementor-element elementor-element-bd160e9 e-flex e-con-boxed e-con e-parent\" data-id=\"bd160e9\" data-element_type=\"container\" data-e-type=\"container\" data-settings=\"{&quot;background_background&quot;:&quot;classic&quot;}\">\n\t\t\t\t\t<div class=\"e-con-inner\">\n\t\t<div class=\"elementor-element elementor-element-48a2162 e-flex e-con-boxed e-con e-child\" data-id=\"48a2162\" data-element_type=\"container\" data-e-type=\"container\" data-settings=\"{&quot;background_background&quot;:&quot;classic&quot;}\">\n\t\t\t\t\t<div class=\"e-con-inner\">\n\t\t\t\t<div class=\"elementor-element elementor-element-12393fc elementor-widget elementor-widget-heading\" data-id=\"12393fc\" data-element_type=\"widget\" data-e-type=\"widget\" data-widget_type=\"heading.default\">\n\t\t\t\t<div class=\"elementor-widget-container\">\n\t\t\t\t\t<h2 class=\"elementor-heading-title elementor-size-default\">Les Clarines, hotel du vercors mit schwimmbad<\/h2>\t\t\t\t<\/div>\n\t\t\t\t<\/div>\n\t\t\t\t<div class=\"elementor-element elementor-element-2e6f0ee elementor-widget-divider--view-line_icon elementor-view-default elementor-widget-divider--element-align-center elementor-widget elementor-widget-global elementor-global-364 elementor-widget-divider\" data-id=\"2e6f0ee\" data-element_type=\"widget\" data-e-type=\"widget\" data-widget_type=\"divider.default\">\n\t\t\t\t<div class=\"elementor-widget-container\">\n\t\t\t\t\t\t\t<div class=\"elementor-divider\">\n\t\t\t<span class=\"elementor-divider-separator\">\n\t\t\t\t\t\t\t<div class=\"elementor-icon elementor-divider__element\">\n\t\t\t\t\t<i aria-hidden=\"true\" class=\"fas fa-dot-circle\"><\/i><\/div>\n\t\t\t\t\t\t<\/span>\n\t\t<\/div>\n\t\t\t\t\t\t<\/div>\n\t\t\t\t<\/div>\n\t\t\t\t<div class=\"elementor-element elementor-element-ebfef94 elementor-widget elementor-widget-text-editor\" data-id=\"ebfef94\" data-element_type=\"widget\" data-e-type=\"widget\" data-widget_type=\"text-editor.default\">\n\t\t\t\t<div class=\"elementor-widget-container\">\n\t\t\t\t\t\t\t\t\t<p>Im Sommer bieten die weiten, gr\u00fcnen Fl\u00e4chen und Blumenwiesen eine Vielzahl an Aktivit\u00e4ten in der Natur, die Gro\u00df und Klein begeistern: Wandern oder Radfahren auf der ViaVercors und im Herzen des Parc du Vercors, Ausritte zu Pferd oder mit einem Packesel, Golf (Golf de Corren\u00e7on, bekannt f\u00fcr die Qualit\u00e4t seiner Greens), Abenteuerparcours, Klettern, Tennis, Schwimmen, Canyoning, H\u00f6hlenforschung, Paragliding, Ultraleichtflugzeuge...<br \/>Begeben Sie sich nach Ihren Aktivit\u00e4ten in unser Hotel Vercors mit Pool und entspannen Sie sich auf unseren Liegest\u00fchlen, um Ihre wohlverdiente Erholung zu genie\u00dfen. Unser Au\u00dfenpool ist von Mitte Juni bis Mitte September beheizt.<\/p>\t\t\t\t\t\t\t\t<\/div>\n\t\t\t\t<\/div>\n\t\t\t\t\t<\/div>\n\t\t\t\t<\/div>\n\t\t\t\t\t<\/div>\n\t\t\t\t<\/div>\n\t\t<div class=\"elementor-element elementor-element-5be878d4 e-flex e-con-boxed e-con e-parent\" data-id=\"5be878d4\" data-element_type=\"container\" data-e-type=\"container\">\n\t\t\t\t\t<div class=\"e-con-inner\">\n\t\t\t\t<div class=\"elementor-element elementor-element-222503aa elementor-widget elementor-widget-heading\" data-id=\"222503aa\" data-element_type=\"widget\" data-e-type=\"widget\" data-widget_type=\"heading.default\">\n\t\t\t\t<div class=\"elementor-widget-container\">\n\t\t\t\t\t<h2 class=\"elementor-heading-title elementor-size-default\">Entdecken Sie unsere anderen Reiseziele<\/h2>\t\t\t\t<\/div>\n\t\t\t\t<\/div>\n\t\t\t\t<div class=\"elementor-element elementor-element-64e172be elementor-widget-divider--view-line_icon elementor-view-default elementor-widget-divider--element-align-center elementor-widget elementor-widget-global elementor-global-364 elementor-widget-divider\" data-id=\"64e172be\" data-element_type=\"widget\" data-e-type=\"widget\" data-widget_type=\"divider.default\">\n\t\t\t\t<div class=\"elementor-widget-container\">\n\t\t\t\t\t\t\t<div class=\"elementor-divider\">\n\t\t\t<span class=\"elementor-divider-separator\">\n\t\t\t\t\t\t\t<div class=\"elementor-icon elementor-divider__element\">\n\t\t\t\t\t<i aria-hidden=\"true\" class=\"fas fa-dot-circle\"><\/i><\/div>\n\t\t\t\t\t\t<\/span>\n\t\t<\/div>\n\t\t\t\t\t\t<\/div>\n\t\t\t\t<\/div>\n\t\t<div class=\"elementor-element elementor-element-736d1686 e-flex e-con-boxed e-con e-child\" data-id=\"736d1686\" data-element_type=\"container\" data-e-type=\"container\">\n\t\t\t\t\t<div class=\"e-con-inner\">\n\t\t<div class=\"elementor-element elementor-element-1eb24f56 e-flex e-con-boxed e-con e-child\" data-id=\"1eb24f56\" data-element_type=\"container\" data-e-type=\"container\">\n\t\t\t\t\t<div class=\"e-con-inner\">\n\t\t\t\t<div class=\"elementor-element elementor-element-675abd2d animated-slow elementor-invisible elementor-widget elementor-widget-image\" data-id=\"675abd2d\" data-element_type=\"widget\" data-e-type=\"widget\" data-settings=\"{&quot;_animation&quot;:&quot;fadeIn&quot;,&quot;_animation_delay&quot;:500}\" data-widget_type=\"image.default\">\n\t\t\t\t<div class=\"elementor-widget-container\">\n\t\t\t\t\t\t\t\t\t\t\t\t\t\t\t<img decoding=\"async\" width=\"1918\" height=\"1439\" src=\"https:\/\/www.lesclarines.com\/wp-content\/uploads\/2024\/03\/tourisme.jpg\" class=\"elementor-animation-sink attachment-full size-full wp-image-4362\" alt=\"\" srcset=\"https:\/\/www.lesclarines.com\/wp-content\/uploads\/2024\/03\/tourisme.jpg 1918w, https:\/\/www.lesclarines.com\/wp-content\/uploads\/2024\/03\/tourisme-300x225.jpg 300w, https:\/\/www.lesclarines.com\/wp-content\/uploads\/2024\/03\/tourisme-1024x768.jpg 1024w, https:\/\/www.lesclarines.com\/wp-content\/uploads\/2024\/03\/tourisme-768x576.jpg 768w, https:\/\/www.lesclarines.com\/wp-content\/uploads\/2024\/03\/tourisme-1536x1152.jpg 1536w, https:\/\/www.lesclarines.com\/wp-content\/uploads\/2024\/03\/tourisme-16x12.jpg 16w\" sizes=\"(max-width: 1918px) 100vw, 1918px\" title=\"\">\t\t\t\t\t\t\t\t\t\t\t\t\t\t\t<\/div>\n\t\t\t\t<\/div>\n\t\t<div class=\"elementor-element elementor-element-54f72940 e-flex e-con-boxed e-con e-child\" data-id=\"54f72940\" data-element_type=\"container\" data-e-type=\"container\" data-settings=\"{&quot;background_background&quot;:&quot;classic&quot;}\">\n\t\t\t\t\t<div class=\"e-con-inner\">\n\t\t<div class=\"elementor-element elementor-element-333354d e-flex e-con-boxed e-con e-child\" data-id=\"333354d\" data-element_type=\"container\" data-e-type=\"container\" data-settings=\"{&quot;background_background&quot;:&quot;classic&quot;}\">\n\t\t\t\t\t<div class=\"e-con-inner\">\n\t\t\t\t<div class=\"elementor-element elementor-element-398e40d elementor-widget elementor-widget-heading\" data-id=\"398e40d\" data-element_type=\"widget\" data-e-type=\"widget\" data-widget_type=\"heading.default\">\n\t\t\t\t<div class=\"elementor-widget-container\">\n\t\t\t\t\t<h3 class=\"elementor-heading-title elementor-size-default\">Corren\u00e7on im Winter<\/h3>\t\t\t\t<\/div>\n\t\t\t\t<\/div>\n\t\t\t\t<div class=\"elementor-element elementor-element-223c51a5 elementor-widget elementor-widget-text-editor\" data-id=\"223c51a5\" data-element_type=\"widget\" data-e-type=\"widget\" data-widget_type=\"text-editor.default\">\n\t\t\t\t<div class=\"elementor-widget-container\">\n\t\t\t\t\t\t\t\t\t<p>Entdecken Sie die vielf\u00e4ltigen Winterpistenangebote des Skigebiets.<\/p>\t\t\t\t\t\t\t\t<\/div>\n\t\t\t\t<\/div>\n\t\t\t\t<div class=\"elementor-element elementor-element-1cedb533 elementor-align-center elementor-widget elementor-widget-button\" data-id=\"1cedb533\" data-element_type=\"widget\" data-e-type=\"widget\" data-widget_type=\"button.default\">\n\t\t\t\t<div class=\"elementor-widget-container\">\n\t\t\t\t\t\t\t\t\t<div class=\"elementor-button-wrapper\">\n\t\t\t\t\t<a class=\"elementor-button elementor-button-link elementor-size-sm\" href=\"https:\/\/www.lesclarines.com\/de_de\/tourisme\/correncon-hiver\/\">\n\t\t\t\t\t\t<span class=\"elementor-button-content-wrapper\">\n\t\t\t\t\t\t\t\t\t<span class=\"elementor-button-text\">Mehr sehen<\/span>\n\t\t\t\t\t<\/span>\n\t\t\t\t\t<\/a>\n\t\t\t\t<\/div>\n\t\t\t\t\t\t\t\t<\/div>\n\t\t\t\t<\/div>\n\t\t\t\t\t<\/div>\n\t\t\t\t<\/div>\n\t\t\t\t\t<\/div>\n\t\t\t\t<\/div>\n\t\t\t\t\t<\/div>\n\t\t\t\t<\/div>\n\t\t<div class=\"elementor-element elementor-element-6e89e86 e-flex e-con-boxed e-con e-child\" data-id=\"6e89e86\" data-element_type=\"container\" data-e-type=\"container\">\n\t\t\t\t\t<div class=\"e-con-inner\">\n\t\t\t\t<div class=\"elementor-element elementor-element-3594b02e animated-slow elementor-invisible elementor-widget elementor-widget-image\" data-id=\"3594b02e\" data-element_type=\"widget\" data-e-type=\"widget\" data-settings=\"{&quot;_animation&quot;:&quot;fadeIn&quot;,&quot;_animation_delay&quot;:500}\" data-widget_type=\"image.default\">\n\t\t\t\t<div class=\"elementor-widget-container\">\n\t\t\t\t\t\t\t\t\t\t\t\t\t\t\t<img loading=\"lazy\" decoding=\"async\" width=\"2016\" height=\"1512\" src=\"https:\/\/www.lesclarines.com\/wp-content\/uploads\/2023\/11\/IMG_6769.jpg\" class=\"elementor-animation-sink attachment-full size-full wp-image-4088\" alt=\"\" srcset=\"https:\/\/www.lesclarines.com\/wp-content\/uploads\/2023\/11\/IMG_6769.jpg 2016w, https:\/\/www.lesclarines.com\/wp-content\/uploads\/2023\/11\/IMG_6769-300x225.jpg 300w, https:\/\/www.lesclarines.com\/wp-content\/uploads\/2023\/11\/IMG_6769-1024x768.jpg 1024w, https:\/\/www.lesclarines.com\/wp-content\/uploads\/2023\/11\/IMG_6769-768x576.jpg 768w, https:\/\/www.lesclarines.com\/wp-content\/uploads\/2023\/11\/IMG_6769-1536x1152.jpg 1536w, https:\/\/www.lesclarines.com\/wp-content\/uploads\/2023\/11\/IMG_6769-16x12.jpg 16w\" sizes=\"(max-width: 2016px) 100vw, 2016px\" title=\"\">\t\t\t\t\t\t\t\t\t\t\t\t\t\t\t<\/div>\n\t\t\t\t<\/div>\n\t\t<div class=\"elementor-element elementor-element-6a1db972 e-flex e-con-boxed e-con e-child\" data-id=\"6a1db972\" data-element_type=\"container\" data-e-type=\"container\" data-settings=\"{&quot;background_background&quot;:&quot;classic&quot;}\">\n\t\t\t\t\t<div class=\"e-con-inner\">\n\t\t<div class=\"elementor-element elementor-element-d3c625a e-flex e-con-boxed e-con e-child\" data-id=\"d3c625a\" data-element_type=\"container\" data-e-type=\"container\" data-settings=\"{&quot;background_background&quot;:&quot;classic&quot;}\">\n\t\t\t\t\t<div class=\"e-con-inner\">\n\t\t\t\t<div class=\"elementor-element elementor-element-6e36d4e9 elementor-widget elementor-widget-heading\" data-id=\"6e36d4e9\" data-element_type=\"widget\" data-e-type=\"widget\" data-widget_type=\"heading.default\">\n\t\t\t\t<div class=\"elementor-widget-container\">\n\t\t\t\t\t<h3 class=\"elementor-heading-title elementor-size-default\">Tourismus<\/h3>\t\t\t\t<\/div>\n\t\t\t\t<\/div>\n\t\t\t\t<div class=\"elementor-element elementor-element-568bf0c2 elementor-widget elementor-widget-text-editor\" data-id=\"568bf0c2\" data-element_type=\"widget\" data-e-type=\"widget\" data-widget_type=\"text-editor.default\">\n\t\t\t\t<div class=\"elementor-widget-container\">\n\t\t\t\t\t\t\t\t\t<p>Genie\u00dfen Sie den Vercors und seine Reize.<\/p>\t\t\t\t\t\t\t\t<\/div>\n\t\t\t\t<\/div>\n\t\t\t\t<div class=\"elementor-element elementor-element-13ca8a62 elementor-align-center elementor-widget elementor-widget-button\" data-id=\"13ca8a62\" data-element_type=\"widget\" data-e-type=\"widget\" data-widget_type=\"button.default\">\n\t\t\t\t<div class=\"elementor-widget-container\">\n\t\t\t\t\t\t\t\t\t<div class=\"elementor-button-wrapper\">\n\t\t\t\t\t<a class=\"elementor-button elementor-button-link elementor-size-sm\" href=\"https:\/\/www.lesclarines.com\/de_de\/tourisme\/\">\n\t\t\t\t\t\t<span class=\"elementor-button-content-wrapper\">\n\t\t\t\t\t\t\t\t\t<span class=\"elementor-button-text\">Mehr sehen<\/span>\n\t\t\t\t\t<\/span>\n\t\t\t\t\t<\/a>\n\t\t\t\t<\/div>\n\t\t\t\t\t\t\t\t<\/div>\n\t\t\t\t<\/div>\n\t\t\t\t\t<\/div>\n\t\t\t\t<\/div>\n\t\t\t\t\t<\/div>\n\t\t\t\t<\/div>\n\t\t\t\t\t<\/div>\n\t\t\t\t<\/div>\n\t\t\t\t\t<\/div>\n\t\t\t\t<\/div>\n\t\t\t\t\t<\/div>\n\t\t\t\t<\/div>\n\t\t\t\t<\/div>","protected":false},"excerpt":{"rendered":"<p>Le Parc du Vercors, paradis de toutes les activit\u00e9s l\u2019\u00e9t\u00e9 Paradis des amoureux de la nature, le Vercors est une destination id\u00e9ale pour tous ceux qui souhaitent bouger, se d\u00e9passer, se ressourcer, d\u00e9couvrir, s\u2019aventurer\u2026 au c\u0153ur d\u2019un environnement totalement pr\u00e9serv\u00e9. Le village de Corren\u00e7on en Vercors, labellis\u00e9 Famille Plus et situ\u00e9 \u00e0 1111 m d\u2019altitude, [&hellip;]<\/p>\n","protected":false},"author":8,"featured_media":0,"parent":65,"menu_order":0,"comment_status":"closed","ping_status":"closed","template":"","meta":{"inline_featured_image":false,"footnotes":""},"class_list":["post-3731","page","type-page","status-publish","hentry"],"_links":{"self":[{"href":"https:\/\/www.lesclarines.com\/de_de\/wp-json\/wp\/v2\/pages\/3731","targetHints":{"allow":["GET"]}}],"collection":[{"href":"https:\/\/www.lesclarines.com\/de_de\/wp-json\/wp\/v2\/pages"}],"about":[{"href":"https:\/\/www.lesclarines.com\/de_de\/wp-json\/wp\/v2\/types\/page"}],"author":[{"embeddable":true,"href":"https:\/\/www.lesclarines.com\/de_de\/wp-json\/wp\/v2\/users\/8"}],"replies":[{"embeddable":true,"href":"https:\/\/www.lesclarines.com\/de_de\/wp-json\/wp\/v2\/comments?post=3731"}],"version-history":[{"count":28,"href":"https:\/\/www.lesclarines.com\/de_de\/wp-json\/wp\/v2\/pages\/3731\/revisions"}],"predecessor-version":[{"id":4464,"href":"https:\/\/www.lesclarines.com\/de_de\/wp-json\/wp\/v2\/pages\/3731\/revisions\/4464"}],"up":[{"embeddable":true,"href":"https:\/\/www.lesclarines.com\/de_de\/wp-json\/wp\/v2\/pages\/65"}],"wp:attachment":[{"href":"https:\/\/www.lesclarines.com\/de_de\/wp-json\/wp\/v2\/media?parent=3731"}],"curies":[{"name":"wp","href":"https:\/\/api.w.org\/{rel}","templated":true}]}}