{"id":1790,"date":"2023-09-12T15:57:20","date_gmt":"2023-09-12T13:57:20","guid":{"rendered":"https:\/\/www.lesclarines.com\/?page_id=1790"},"modified":"2024-03-13T17:45:23","modified_gmt":"2024-03-13T16:45:23","slug":"correncon-winter","status":"publish","type":"page","link":"https:\/\/www.lesclarines.com\/nl\/tourisme\/correncon-hiver\/","title":{"rendered":"Corren\u00e7on in de winter"},"content":{"rendered":"<div data-elementor-type=\"wp-page\" data-elementor-id=\"1790\" class=\"elementor elementor-1790\" data-elementor-post-type=\"page\">\n\t\t\t\t<div class=\"elementor-element elementor-element-5152dd76 e-con-full e-flex e-con e-parent\" data-id=\"5152dd76\" data-element_type=\"container\" data-e-type=\"container\" id=\"top\" data-settings=\"{&quot;background_background&quot;:&quot;classic&quot;}\">\n\t\t\t\t<div class=\"elementor-element elementor-element-337d6633 elementor-widget elementor-widget-heading\" data-id=\"337d6633\" data-element_type=\"widget\" data-e-type=\"widget\" data-widget_type=\"heading.default\">\n\t\t\t\t<div class=\"elementor-widget-container\">\n\t\t\t\t\t<h1 class=\"elementor-heading-title elementor-size-default\">Corren\u00e7on in de winter<\/h1>\t\t\t\t<\/div>\n\t\t\t\t<\/div>\n\t\t\t\t<\/div>\n\t\t<div class=\"elementor-element elementor-element-1a17b6c0 e-con-full e-flex e-con e-parent\" data-id=\"1a17b6c0\" data-element_type=\"container\" data-e-type=\"container\" id=\"first-content\">\n\t\t<div class=\"elementor-element elementor-element-7aec88e9 e-con-full e-flex e-con e-child\" data-id=\"7aec88e9\" data-element_type=\"container\" data-e-type=\"container\">\n\t\t\t\t<div class=\"elementor-element elementor-element-17d7a66f elementor-widget elementor-widget-heading\" data-id=\"17d7a66f\" data-element_type=\"widget\" data-e-type=\"widget\" data-widget_type=\"heading.default\">\n\t\t\t\t<div class=\"elementor-widget-container\">\n\t\t\t\t\t<h2 class=\"elementor-heading-title elementor-size-default\">Corren\u00e7on en Vercors en ski\u00ebn, de eerste piste op 150 m van het hotel<\/h2>\t\t\t\t<\/div>\n\t\t\t\t<\/div>\n\t\t\t\t<div class=\"elementor-element elementor-element-f65d0eb elementor-widget elementor-widget-text-editor\" data-id=\"f65d0eb\" data-element_type=\"widget\" data-e-type=\"widget\" data-widget_type=\"text-editor.default\">\n\t\t\t\t<div class=\"elementor-widget-container\">\n\t\t\t\t\t\t\t\t\t<p>In de winter wordt het dorp Corren\u00e7on en Vercors gewaardeerd om zijn gemakkelijke toegang tot de 235 km aan pistes die verbonden zijn met Villard de Lans, het naburige skioord. Het gebied Villard \/ Corren\u00e7on biedt brede, zacht glooiende of golvende pistes, bospassages, poedervelden met panoramische uitzichten in een unieke natuurlijke omgeving van ravijnen en dennenbomen, minerale sferen of kreupelhout. Zoveel routes om een zeer eclectische klantenkring, op zoek naar sensaties, emoties en voldoening, te plezieren. Het skigebied is uitgerust met moderne, concurrerende en hoogwaardige voorzieningen om optimaal comfort en sneeuwzekerheid te garanderen, evenals diensten van topkwaliteit.<\/p>\t\t\t\t\t\t\t\t<\/div>\n\t\t\t\t<\/div>\n\t\t\t\t<div class=\"elementor-element elementor-element-a6f9b48 elementor-widget-tablet__width-inherit elementor-widget elementor-widget-image\" data-id=\"a6f9b48\" data-element_type=\"widget\" data-e-type=\"widget\" data-widget_type=\"image.default\">\n\t\t\t\t<div class=\"elementor-widget-container\">\n\t\t\t\t\t\t\t\t\t\t\t\t\t\t\t<img fetchpriority=\"high\" decoding=\"async\" width=\"800\" height=\"600\" src=\"https:\/\/www.lesclarines.com\/wp-content\/uploads\/2024\/03\/vue-correncon-1024x768.jpg\" class=\"attachment-large size-large wp-image-4363\" alt=\"\" srcset=\"https:\/\/www.lesclarines.com\/wp-content\/uploads\/2024\/03\/vue-correncon-1024x768.jpg 1024w, https:\/\/www.lesclarines.com\/wp-content\/uploads\/2024\/03\/vue-correncon-300x225.jpg 300w, https:\/\/www.lesclarines.com\/wp-content\/uploads\/2024\/03\/vue-correncon-768x576.jpg 768w, https:\/\/www.lesclarines.com\/wp-content\/uploads\/2024\/03\/vue-correncon-1536x1152.jpg 1536w, https:\/\/www.lesclarines.com\/wp-content\/uploads\/2024\/03\/vue-correncon-16x12.jpg 16w, https:\/\/www.lesclarines.com\/wp-content\/uploads\/2024\/03\/vue-correncon.jpg 2048w\" sizes=\"(max-width: 800px) 100vw, 800px\" title=\"\">\t\t\t\t\t\t\t\t\t\t\t\t\t\t\t<\/div>\n\t\t\t\t<\/div>\n\t\t\t\t<\/div>\n\t\t<div class=\"elementor-element elementor-element-65eb2804 e-con-full e-flex e-con e-child\" data-id=\"65eb2804\" data-element_type=\"container\" data-e-type=\"container\">\n\t\t\t\t<div class=\"elementor-element elementor-element-1a75b8ef elementor-widget-tablet__width-inherit elementor-widget elementor-widget-image\" data-id=\"1a75b8ef\" data-element_type=\"widget\" data-e-type=\"widget\" data-widget_type=\"image.default\">\n\t\t\t\t<div class=\"elementor-widget-container\">\n\t\t\t\t\t\t\t\t\t\t\t\t\t\t\t<img decoding=\"async\" width=\"800\" height=\"600\" src=\"https:\/\/www.lesclarines.com\/wp-content\/uploads\/2024\/03\/tourisme-1024x768.jpg\" class=\"attachment-large size-large wp-image-4362\" alt=\"\" srcset=\"https:\/\/www.lesclarines.com\/wp-content\/uploads\/2024\/03\/tourisme-1024x768.jpg 1024w, https:\/\/www.lesclarines.com\/wp-content\/uploads\/2024\/03\/tourisme-300x225.jpg 300w, https:\/\/www.lesclarines.com\/wp-content\/uploads\/2024\/03\/tourisme-768x576.jpg 768w, https:\/\/www.lesclarines.com\/wp-content\/uploads\/2024\/03\/tourisme-1536x1152.jpg 1536w, https:\/\/www.lesclarines.com\/wp-content\/uploads\/2024\/03\/tourisme-16x12.jpg 16w, https:\/\/www.lesclarines.com\/wp-content\/uploads\/2024\/03\/tourisme.jpg 1918w\" sizes=\"(max-width: 800px) 100vw, 800px\" title=\"\">\t\t\t\t\t\t\t\t\t\t\t\t\t\t\t<\/div>\n\t\t\t\t<\/div>\n\t\t\t\t<\/div>\n\t\t\t\t<\/div>\n\t\t<div class=\"elementor-element elementor-element-bb4b3a2 e-flex e-con-boxed e-con e-parent\" data-id=\"bb4b3a2\" data-element_type=\"container\" data-e-type=\"container\" data-settings=\"{&quot;background_background&quot;:&quot;classic&quot;}\">\n\t\t\t\t\t<div class=\"e-con-inner\">\n\t\t<div class=\"elementor-element elementor-element-86c2c94 e-flex e-con-boxed e-con e-child\" data-id=\"86c2c94\" data-element_type=\"container\" data-e-type=\"container\" data-settings=\"{&quot;background_background&quot;:&quot;classic&quot;}\">\n\t\t\t\t\t<div class=\"e-con-inner\">\n\t\t\t\t<div class=\"elementor-element elementor-element-e7a811b elementor-widget elementor-widget-heading\" data-id=\"e7a811b\" data-element_type=\"widget\" data-e-type=\"widget\" data-widget_type=\"heading.default\">\n\t\t\t\t<div class=\"elementor-widget-container\">\n\t\t\t\t\t<h2 class=\"elementor-heading-title elementor-size-default\">Wintersport in Corren\u00e7on en Vercors<\/h2>\t\t\t\t<\/div>\n\t\t\t\t<\/div>\n\t\t\t\t<div class=\"elementor-element elementor-element-49df3e5 elementor-widget-divider--view-line_icon elementor-view-default elementor-widget-divider--element-align-center elementor-widget elementor-widget-global elementor-global-364 elementor-widget-divider\" data-id=\"49df3e5\" data-element_type=\"widget\" data-e-type=\"widget\" data-widget_type=\"divider.default\">\n\t\t\t\t<div class=\"elementor-widget-container\">\n\t\t\t\t\t\t\t<div class=\"elementor-divider\">\n\t\t\t<span class=\"elementor-divider-separator\">\n\t\t\t\t\t\t\t<div class=\"elementor-icon elementor-divider__element\">\n\t\t\t\t\t<i aria-hidden=\"true\" class=\"fas fa-dot-circle\"><\/i><\/div>\n\t\t\t\t\t\t<\/span>\n\t\t<\/div>\n\t\t\t\t\t\t<\/div>\n\t\t\t\t<\/div>\n\t\t\t\t<div class=\"elementor-element elementor-element-ad69bcb elementor-widget elementor-widget-text-editor\" data-id=\"ad69bcb\" data-element_type=\"widget\" data-e-type=\"widget\" data-widget_type=\"text-editor.default\">\n\t\t\t\t<div class=\"elementor-widget-container\">\n\t\t\t\t\t\t\t\t\t<p>In Corren\u00e7on en Vercors is ski\u00ebn overal. Op het programma : alpineski\u00ebn (125 km pistes), Noords ski\u00ebn (de toegangspoort Corren\u00e7on \/ Les Hauts Plateaux, een van de 3 toegangspoorten tot het Noordse gebied van de Haut Vercors, is gemakkelijk bereikbaar omdat hij in het hart van het dorp Corren\u00e7on ligt en toegang geeft tot 153 km pistes), biatlon, sneeuwschoenwandelen (50 km gemarkeerde paden), slee\u00ebn, nordic walking, hondenslee\u00ebn... Ons hotel in Corren\u00e7on en Vercors nodigt u uit om te genieten van de geneugten van sneeuw en winter in een magische, bucolische omgeving!<\/p>\t\t\t\t\t\t\t\t<\/div>\n\t\t\t\t<\/div>\n\t\t\t\t\t<\/div>\n\t\t\t\t<\/div>\n\t\t\t\t\t<\/div>\n\t\t\t\t<\/div>\n\t\t<div class=\"elementor-element elementor-element-5be878d4 e-flex e-con-boxed e-con e-parent\" data-id=\"5be878d4\" data-element_type=\"container\" data-e-type=\"container\">\n\t\t\t\t\t<div class=\"e-con-inner\">\n\t\t\t\t<div class=\"elementor-element elementor-element-222503aa elementor-widget elementor-widget-heading\" data-id=\"222503aa\" data-element_type=\"widget\" data-e-type=\"widget\" data-widget_type=\"heading.default\">\n\t\t\t\t<div class=\"elementor-widget-container\">\n\t\t\t\t\t<h2 class=\"elementor-heading-title elementor-size-default\">Ontdek onze andere bestemmingen<\/h2>\t\t\t\t<\/div>\n\t\t\t\t<\/div>\n\t\t\t\t<div class=\"elementor-element elementor-element-64e172be elementor-widget-divider--view-line_icon elementor-view-default elementor-widget-divider--element-align-center elementor-widget elementor-widget-global elementor-global-364 elementor-widget-divider\" data-id=\"64e172be\" data-element_type=\"widget\" data-e-type=\"widget\" data-widget_type=\"divider.default\">\n\t\t\t\t<div class=\"elementor-widget-container\">\n\t\t\t\t\t\t\t<div class=\"elementor-divider\">\n\t\t\t<span class=\"elementor-divider-separator\">\n\t\t\t\t\t\t\t<div class=\"elementor-icon elementor-divider__element\">\n\t\t\t\t\t<i aria-hidden=\"true\" class=\"fas fa-dot-circle\"><\/i><\/div>\n\t\t\t\t\t\t<\/span>\n\t\t<\/div>\n\t\t\t\t\t\t<\/div>\n\t\t\t\t<\/div>\n\t\t<div class=\"elementor-element elementor-element-736d1686 e-flex e-con-boxed e-con e-child\" data-id=\"736d1686\" data-element_type=\"container\" data-e-type=\"container\">\n\t\t\t\t\t<div class=\"e-con-inner\">\n\t\t<div class=\"elementor-element elementor-element-1eb24f56 e-flex e-con-boxed e-con e-child\" data-id=\"1eb24f56\" data-element_type=\"container\" data-e-type=\"container\">\n\t\t\t\t\t<div class=\"e-con-inner\">\n\t\t\t\t<div class=\"elementor-element elementor-element-675abd2d animated-slow elementor-invisible elementor-widget elementor-widget-image\" data-id=\"675abd2d\" data-element_type=\"widget\" data-e-type=\"widget\" data-settings=\"{&quot;_animation&quot;:&quot;fadeIn&quot;,&quot;_animation_delay&quot;:500}\" data-widget_type=\"image.default\">\n\t\t\t\t<div class=\"elementor-widget-container\">\n\t\t\t\t\t\t\t\t\t\t\t\t\t\t\t<img decoding=\"async\" width=\"2016\" height=\"1512\" src=\"https:\/\/www.lesclarines.com\/wp-content\/uploads\/2023\/11\/IMG_6769.jpg\" class=\"elementor-animation-sink attachment-full size-full wp-image-4088\" alt=\"\" srcset=\"https:\/\/www.lesclarines.com\/wp-content\/uploads\/2023\/11\/IMG_6769.jpg 2016w, https:\/\/www.lesclarines.com\/wp-content\/uploads\/2023\/11\/IMG_6769-300x225.jpg 300w, https:\/\/www.lesclarines.com\/wp-content\/uploads\/2023\/11\/IMG_6769-1024x768.jpg 1024w, https:\/\/www.lesclarines.com\/wp-content\/uploads\/2023\/11\/IMG_6769-768x576.jpg 768w, https:\/\/www.lesclarines.com\/wp-content\/uploads\/2023\/11\/IMG_6769-1536x1152.jpg 1536w, https:\/\/www.lesclarines.com\/wp-content\/uploads\/2023\/11\/IMG_6769-16x12.jpg 16w\" sizes=\"(max-width: 2016px) 100vw, 2016px\" title=\"\">\t\t\t\t\t\t\t\t\t\t\t\t\t\t\t<\/div>\n\t\t\t\t<\/div>\n\t\t<div class=\"elementor-element elementor-element-54f72940 e-flex e-con-boxed e-con e-child\" data-id=\"54f72940\" data-element_type=\"container\" data-e-type=\"container\" data-settings=\"{&quot;background_background&quot;:&quot;classic&quot;}\">\n\t\t\t\t\t<div class=\"e-con-inner\">\n\t\t<div class=\"elementor-element elementor-element-333354d e-flex e-con-boxed e-con e-child\" data-id=\"333354d\" data-element_type=\"container\" data-e-type=\"container\" data-settings=\"{&quot;background_background&quot;:&quot;classic&quot;}\">\n\t\t\t\t\t<div class=\"e-con-inner\">\n\t\t\t\t<div class=\"elementor-element elementor-element-398e40d elementor-widget elementor-widget-heading\" data-id=\"398e40d\" data-element_type=\"widget\" data-e-type=\"widget\" data-widget_type=\"heading.default\">\n\t\t\t\t<div class=\"elementor-widget-container\">\n\t\t\t\t\t<h3 class=\"elementor-heading-title elementor-size-default\">Corren\u00e7on in de zomer<\/h3>\t\t\t\t<\/div>\n\t\t\t\t<\/div>\n\t\t\t\t<div class=\"elementor-element elementor-element-223c51a5 elementor-widget elementor-widget-text-editor\" data-id=\"223c51a5\" data-element_type=\"widget\" data-e-type=\"widget\" data-widget_type=\"text-editor.default\">\n\t\t\t\t<div class=\"elementor-widget-container\">\n\t\t\t\t\t\t\t\t\t<p>In de zomer maakt het reli\u00ebf van het massief plaats voor een groot aantal sensatiesporten.<\/p>\t\t\t\t\t\t\t\t<\/div>\n\t\t\t\t<\/div>\n\t\t\t\t<div class=\"elementor-element elementor-element-1cedb533 elementor-align-center elementor-widget elementor-widget-button\" data-id=\"1cedb533\" data-element_type=\"widget\" data-e-type=\"widget\" data-widget_type=\"button.default\">\n\t\t\t\t<div class=\"elementor-widget-container\">\n\t\t\t\t\t\t\t\t\t<div class=\"elementor-button-wrapper\">\n\t\t\t\t\t<a class=\"elementor-button elementor-button-link elementor-size-sm\" href=\"https:\/\/www.lesclarines.com\/nl\/tourisme\/correncon-ete\/\">\n\t\t\t\t\t\t<span class=\"elementor-button-content-wrapper\">\n\t\t\t\t\t\t\t\t\t<span class=\"elementor-button-text\">Meer zien<\/span>\n\t\t\t\t\t<\/span>\n\t\t\t\t\t<\/a>\n\t\t\t\t<\/div>\n\t\t\t\t\t\t\t\t<\/div>\n\t\t\t\t<\/div>\n\t\t\t\t\t<\/div>\n\t\t\t\t<\/div>\n\t\t\t\t\t<\/div>\n\t\t\t\t<\/div>\n\t\t\t\t\t<\/div>\n\t\t\t\t<\/div>\n\t\t<div class=\"elementor-element elementor-element-6e89e86 e-flex e-con-boxed e-con e-child\" data-id=\"6e89e86\" data-element_type=\"container\" data-e-type=\"container\">\n\t\t\t\t\t<div class=\"e-con-inner\">\n\t\t\t\t<div class=\"elementor-element elementor-element-3594b02e animated-slow elementor-invisible elementor-widget elementor-widget-image\" data-id=\"3594b02e\" data-element_type=\"widget\" data-e-type=\"widget\" data-settings=\"{&quot;_animation&quot;:&quot;fadeIn&quot;,&quot;_animation_delay&quot;:500}\" data-widget_type=\"image.default\">\n\t\t\t\t<div class=\"elementor-widget-container\">\n\t\t\t\t\t\t\t\t\t\t\t\t\t\t\t<img loading=\"lazy\" decoding=\"async\" width=\"2560\" height=\"1054\" src=\"https:\/\/www.lesclarines.com\/wp-content\/uploads\/2023\/11\/iStock-507582609-scaled.jpg\" class=\"elementor-animation-sink attachment-full size-full wp-image-4098\" alt=\"\" srcset=\"https:\/\/www.lesclarines.com\/wp-content\/uploads\/2023\/11\/iStock-507582609-scaled.jpg 2560w, https:\/\/www.lesclarines.com\/wp-content\/uploads\/2023\/11\/iStock-507582609-300x123.jpg 300w, https:\/\/www.lesclarines.com\/wp-content\/uploads\/2023\/11\/iStock-507582609-1024x422.jpg 1024w, https:\/\/www.lesclarines.com\/wp-content\/uploads\/2023\/11\/iStock-507582609-768x316.jpg 768w, https:\/\/www.lesclarines.com\/wp-content\/uploads\/2023\/11\/iStock-507582609-1536x632.jpg 1536w, https:\/\/www.lesclarines.com\/wp-content\/uploads\/2023\/11\/iStock-507582609-2048x843.jpg 2048w, https:\/\/www.lesclarines.com\/wp-content\/uploads\/2023\/11\/iStock-507582609-18x7.jpg 18w\" sizes=\"(max-width: 2560px) 100vw, 2560px\" title=\"\">\t\t\t\t\t\t\t\t\t\t\t\t\t\t\t<\/div>\n\t\t\t\t<\/div>\n\t\t<div class=\"elementor-element elementor-element-6a1db972 e-flex e-con-boxed e-con e-child\" data-id=\"6a1db972\" data-element_type=\"container\" data-e-type=\"container\" data-settings=\"{&quot;background_background&quot;:&quot;classic&quot;}\">\n\t\t\t\t\t<div class=\"e-con-inner\">\n\t\t<div class=\"elementor-element elementor-element-d3c625a e-flex e-con-boxed e-con e-child\" data-id=\"d3c625a\" data-element_type=\"container\" data-e-type=\"container\" data-settings=\"{&quot;background_background&quot;:&quot;classic&quot;}\">\n\t\t\t\t\t<div class=\"e-con-inner\">\n\t\t\t\t<div class=\"elementor-element elementor-element-6e36d4e9 elementor-widget elementor-widget-heading\" data-id=\"6e36d4e9\" data-element_type=\"widget\" data-e-type=\"widget\" data-widget_type=\"heading.default\">\n\t\t\t\t<div class=\"elementor-widget-container\">\n\t\t\t\t\t<h3 class=\"elementor-heading-title elementor-size-default\">Toerisme<\/h3>\t\t\t\t<\/div>\n\t\t\t\t<\/div>\n\t\t\t\t<div class=\"elementor-element elementor-element-568bf0c2 elementor-widget elementor-widget-text-editor\" data-id=\"568bf0c2\" data-element_type=\"widget\" data-e-type=\"widget\" data-widget_type=\"text-editor.default\">\n\t\t\t\t<div class=\"elementor-widget-container\">\n\t\t\t\t\t\t\t\t\t<p>Geniet van de charmes van de Vercors.<\/p>\t\t\t\t\t\t\t\t<\/div>\n\t\t\t\t<\/div>\n\t\t\t\t<div class=\"elementor-element elementor-element-13ca8a62 elementor-align-center elementor-widget elementor-widget-button\" data-id=\"13ca8a62\" data-element_type=\"widget\" data-e-type=\"widget\" data-widget_type=\"button.default\">\n\t\t\t\t<div class=\"elementor-widget-container\">\n\t\t\t\t\t\t\t\t\t<div class=\"elementor-button-wrapper\">\n\t\t\t\t\t<a class=\"elementor-button elementor-button-link elementor-size-sm\" href=\"https:\/\/www.lesclarines.com\/nl\/tourisme\/\">\n\t\t\t\t\t\t<span class=\"elementor-button-content-wrapper\">\n\t\t\t\t\t\t\t\t\t<span class=\"elementor-button-text\">Meer zien<\/span>\n\t\t\t\t\t<\/span>\n\t\t\t\t\t<\/a>\n\t\t\t\t<\/div>\n\t\t\t\t\t\t\t\t<\/div>\n\t\t\t\t<\/div>\n\t\t\t\t\t<\/div>\n\t\t\t\t<\/div>\n\t\t\t\t\t<\/div>\n\t\t\t\t<\/div>\n\t\t\t\t\t<\/div>\n\t\t\t\t<\/div>\n\t\t\t\t\t<\/div>\n\t\t\t\t<\/div>\n\t\t\t\t\t<\/div>\n\t\t\t\t<\/div>\n\t\t\t\t<\/div>","protected":false},"excerpt":{"rendered":"<p>Corren\u00e7on en Vercors et ski, les premi\u00e8res pistes \u00e0 150 m de l\u2019h\u00f4tel En hiver, le village de Corren\u00e7on en Vercors \u00ab skis aux pieds \u00bb est appr\u00e9ci\u00e9 pour sa facilit\u00e9 d\u2019acc\u00e8s aux 235 km de pistes reli\u00e9es \u00e0 Villard de Lans, la station voisine. L\u2019espace Villard \/ Corren\u00e7on propose de larges pistes en pente [&hellip;]<\/p>\n","protected":false},"author":13,"featured_media":0,"parent":65,"menu_order":0,"comment_status":"closed","ping_status":"closed","template":"","meta":{"inline_featured_image":false,"footnotes":""},"class_list":["post-1790","page","type-page","status-publish","hentry"],"_links":{"self":[{"href":"https:\/\/www.lesclarines.com\/nl\/wp-json\/wp\/v2\/pages\/1790","targetHints":{"allow":["GET"]}}],"collection":[{"href":"https:\/\/www.lesclarines.com\/nl\/wp-json\/wp\/v2\/pages"}],"about":[{"href":"https:\/\/www.lesclarines.com\/nl\/wp-json\/wp\/v2\/types\/page"}],"author":[{"embeddable":true,"href":"https:\/\/www.lesclarines.com\/nl\/wp-json\/wp\/v2\/users\/13"}],"replies":[{"embeddable":true,"href":"https:\/\/www.lesclarines.com\/nl\/wp-json\/wp\/v2\/comments?post=1790"}],"version-history":[{"count":59,"href":"https:\/\/www.lesclarines.com\/nl\/wp-json\/wp\/v2\/pages\/1790\/revisions"}],"predecessor-version":[{"id":4467,"href":"https:\/\/www.lesclarines.com\/nl\/wp-json\/wp\/v2\/pages\/1790\/revisions\/4467"}],"up":[{"embeddable":true,"href":"https:\/\/www.lesclarines.com\/nl\/wp-json\/wp\/v2\/pages\/65"}],"wp:attachment":[{"href":"https:\/\/www.lesclarines.com\/nl\/wp-json\/wp\/v2\/media?parent=1790"}],"curies":[{"name":"wp","href":"https:\/\/api.w.org\/{rel}","templated":true}]}}