{"id":65,"date":"2023-06-02T12:14:06","date_gmt":"2023-06-02T10:14:06","guid":{"rendered":"https:\/\/www.lesclarines.com\/?page_id=65"},"modified":"2024-03-13T17:47:59","modified_gmt":"2024-03-13T16:47:59","slug":"toerisme","status":"publish","type":"page","link":"https:\/\/www.lesclarines.com\/nl\/tourisme\/","title":{"rendered":"Toerisme"},"content":{"rendered":"<div data-elementor-type=\"wp-page\" data-elementor-id=\"65\" class=\"elementor elementor-65\" data-elementor-post-type=\"page\">\n\t\t\t\t<div class=\"elementor-element elementor-element-0607392 e-con-full e-flex e-con e-parent\" data-id=\"0607392\" data-element_type=\"container\" data-e-type=\"container\" id=\"top\" data-settings=\"{&quot;background_background&quot;:&quot;classic&quot;}\">\n\t\t\t\t<div class=\"elementor-element elementor-element-c89cb80 elementor-widget elementor-widget-heading\" data-id=\"c89cb80\" data-element_type=\"widget\" data-e-type=\"widget\" data-widget_type=\"heading.default\">\n\t\t\t\t<div class=\"elementor-widget-container\">\n\t\t\t\t\t<h1 class=\"elementor-heading-title elementor-size-default\">Toerisme<\/h1>\t\t\t\t<\/div>\n\t\t\t\t<\/div>\n\t\t\t\t<\/div>\n\t\t<div class=\"elementor-element elementor-element-13be3a6 e-con-full e-flex e-con e-parent\" data-id=\"13be3a6\" data-element_type=\"container\" data-e-type=\"container\">\n\t\t<div class=\"elementor-element elementor-element-e133c6c e-con-full e-flex e-con e-child\" data-id=\"e133c6c\" data-element_type=\"container\" data-e-type=\"container\" data-settings=\"{&quot;background_background&quot;:&quot;classic&quot;}\">\n\t\t\t\t<div class=\"elementor-element elementor-element-f1da7c7 elementor-widget elementor-widget-text-editor\" data-id=\"f1da7c7\" data-element_type=\"widget\" data-e-type=\"widget\" data-widget_type=\"text-editor.default\">\n\t\t\t\t<div class=\"elementor-widget-container\">\n\t\t\t\t\t\t\t\t\t<p>Weer<\/p>\t\t\t\t\t\t\t\t<\/div>\n\t\t\t\t<\/div>\n\t\t\t\t<div class=\"elementor-element elementor-element-cf458d1 elementor-widget__width-initial elementor-widget elementor-widget-html\" data-id=\"cf458d1\" data-element_type=\"widget\" data-e-type=\"widget\" data-widget_type=\"html.default\">\n\t\t\t\t<div class=\"elementor-widget-container\">\n\t\t\t\t\t<script src=\"https:\/\/static.elfsight.com\/platform\/platform.js\" data-use-service-core defer><\/script>\r\n<div class=\"elfsight-app-aefbf26f-066e-4f97-a412-b2ab2ae9553f\" data-elfsight-app-lazy><\/div>\t\t\t\t<\/div>\n\t\t\t\t<\/div>\n\t\t\t\t<\/div>\n\t\t<div class=\"elementor-element elementor-element-35f4fb3 e-con-full e-flex e-con e-child\" data-id=\"35f4fb3\" data-element_type=\"container\" data-e-type=\"container\">\n\t\t<div class=\"elementor-element elementor-element-e08049c e-con-full e-flex e-con e-child\" data-id=\"e08049c\" data-element_type=\"container\" data-e-type=\"container\">\n\t\t<div class=\"elementor-element elementor-element-f8c32c5 e-con-full e-flex e-con e-child\" data-id=\"f8c32c5\" data-element_type=\"container\" data-e-type=\"container\">\n\t\t\t\t<div class=\"elementor-element elementor-element-68df52e elementor-widget elementor-widget-heading\" data-id=\"68df52e\" data-element_type=\"widget\" data-e-type=\"widget\" data-widget_type=\"heading.default\">\n\t\t\t\t<div class=\"elementor-widget-container\">\n\t\t\t\t\t<h3 class=\"elementor-heading-title elementor-size-default\">Ons charmante hotel in de Vercors<\/h3>\t\t\t\t<\/div>\n\t\t\t\t<\/div>\n\t\t\t\t<div class=\"elementor-element elementor-element-e52ffe9 elementor-widget elementor-widget-heading\" data-id=\"e52ffe9\" data-element_type=\"widget\" data-e-type=\"widget\" data-widget_type=\"heading.default\">\n\t\t\t\t<div class=\"elementor-widget-container\">\n\t\t\t\t\t<h2 class=\"elementor-heading-title elementor-size-default\">De omgeving ontdekken<\/h2>\t\t\t\t<\/div>\n\t\t\t\t<\/div>\n\t\t\t\t<div class=\"elementor-element elementor-element-8484382 elementor-widget elementor-widget-text-editor\" data-id=\"8484382\" data-element_type=\"widget\" data-e-type=\"widget\" data-widget_type=\"text-editor.default\">\n\t\t\t\t<div class=\"elementor-widget-container\">\n\t\t\t\t\t\t\t\t\t<p>Ons charmante hotel in de Vercors, gelegen in het hart van het skigebied Villard-Corren\u00e7on en het Regionale Natuurpark van de Vercors, nodigt u uit om weidse ruimtes te ontdekken die ideaal zijn voor alle soorten wandelingen, paardrijden en fietsen, en alle soorten wintersport.<\/p>\t\t\t\t\t\t\t\t<\/div>\n\t\t\t\t<\/div>\n\t\t\t\t<div class=\"elementor-element elementor-element-69b71f0 elementor-widget-tablet__width-inherit elementor-widget elementor-widget-image\" data-id=\"69b71f0\" data-element_type=\"widget\" data-e-type=\"widget\" data-widget_type=\"image.default\">\n\t\t\t\t<div class=\"elementor-widget-container\">\n\t\t\t\t\t\t\t\t\t\t\t\t\t\t\t<img fetchpriority=\"high\" decoding=\"async\" width=\"800\" height=\"600\" src=\"https:\/\/www.lesclarines.com\/wp-content\/uploads\/2024\/03\/vue-correncon-1024x768.jpg\" class=\"attachment-large size-large wp-image-4363\" alt=\"\" srcset=\"https:\/\/www.lesclarines.com\/wp-content\/uploads\/2024\/03\/vue-correncon-1024x768.jpg 1024w, https:\/\/www.lesclarines.com\/wp-content\/uploads\/2024\/03\/vue-correncon-300x225.jpg 300w, https:\/\/www.lesclarines.com\/wp-content\/uploads\/2024\/03\/vue-correncon-768x576.jpg 768w, https:\/\/www.lesclarines.com\/wp-content\/uploads\/2024\/03\/vue-correncon-1536x1152.jpg 1536w, https:\/\/www.lesclarines.com\/wp-content\/uploads\/2024\/03\/vue-correncon-16x12.jpg 16w, https:\/\/www.lesclarines.com\/wp-content\/uploads\/2024\/03\/vue-correncon.jpg 2048w\" sizes=\"(max-width: 800px) 100vw, 800px\" title=\"\">\t\t\t\t\t\t\t\t\t\t\t\t\t\t\t<\/div>\n\t\t\t\t<\/div>\n\t\t\t\t<\/div>\n\t\t<div class=\"elementor-element elementor-element-4ca3d74 e-con-full e-flex e-con e-child\" data-id=\"4ca3d74\" data-element_type=\"container\" data-e-type=\"container\">\n\t\t\t\t<div class=\"elementor-element elementor-element-98d3d17 elementor-widget-tablet__width-inherit elementor-widget elementor-widget-image\" data-id=\"98d3d17\" data-element_type=\"widget\" data-e-type=\"widget\" data-widget_type=\"image.default\">\n\t\t\t\t<div class=\"elementor-widget-container\">\n\t\t\t\t\t\t\t\t\t\t\t\t\t\t\t<img decoding=\"async\" width=\"768\" height=\"1024\" src=\"https:\/\/www.lesclarines.com\/wp-content\/uploads\/2024\/03\/Golf.jpg\" class=\"attachment-large size-large wp-image-4340\" alt=\"\" srcset=\"https:\/\/www.lesclarines.com\/wp-content\/uploads\/2024\/03\/Golf.jpg 768w, https:\/\/www.lesclarines.com\/wp-content\/uploads\/2024\/03\/Golf-225x300.jpg 225w, https:\/\/www.lesclarines.com\/wp-content\/uploads\/2024\/03\/Golf-9x12.jpg 9w\" sizes=\"(max-width: 768px) 100vw, 768px\" title=\"\">\t\t\t\t\t\t\t\t\t\t\t\t\t\t\t<\/div>\n\t\t\t\t<\/div>\n\t\t\t\t<\/div>\n\t\t\t\t<\/div>\n\t\t\t\t<\/div>\n\t\t<div class=\"elementor-element elementor-element-f3e4b60 e-flex e-con-boxed e-con e-child\" data-id=\"f3e4b60\" data-element_type=\"container\" data-e-type=\"container\" data-settings=\"{&quot;background_background&quot;:&quot;classic&quot;}\">\n\t\t\t\t\t<div class=\"e-con-inner\">\n\t\t<div class=\"elementor-element elementor-element-db13907 e-con-full e-flex e-con e-child\" data-id=\"db13907\" data-element_type=\"container\" data-e-type=\"container\">\n\t\t<div class=\"elementor-element elementor-element-c96e29c e-con-full e-flex e-con e-child\" data-id=\"c96e29c\" data-element_type=\"container\" data-e-type=\"container\">\n\t\t\t\t<div class=\"elementor-element elementor-element-5b21389 elementor-widget elementor-widget-heading\" data-id=\"5b21389\" data-element_type=\"widget\" data-e-type=\"widget\" data-widget_type=\"heading.default\">\n\t\t\t\t<div class=\"elementor-widget-container\">\n\t\t\t\t\t<h3 class=\"elementor-heading-title elementor-size-default\">Corren\u00e7on in de zomer<\/h3>\t\t\t\t<\/div>\n\t\t\t\t<\/div>\n\t\t\t\t<div class=\"elementor-element elementor-element-defaf49 elementor-widget elementor-widget-text-editor\" data-id=\"defaf49\" data-element_type=\"widget\" data-e-type=\"widget\" data-widget_type=\"text-editor.default\">\n\t\t\t\t<div class=\"elementor-widget-container\">\n\t\t\t\t\t\t\t\t\t<p>Vanaf het moment dat de sneeuw smelt tot november kunnen swingfanaten de onmetelijkheid en schoonheid van de 18-holes golfbaan van Corren\u00e7on-en-Vercors ontdekken, die tot de beste berggolfbanen van Europa wordt gerekend. In de zomer maakt het reli\u00ebf van het massief plaats voor sensationele sporten zoals klimmen, canyoning en speleologie.<\/p>\t\t\t\t\t\t\t\t<\/div>\n\t\t\t\t<\/div>\n\t\t\t\t<div class=\"elementor-element elementor-element-96c940d elementor-align-left elementor-widget elementor-widget-button\" data-id=\"96c940d\" data-element_type=\"widget\" data-e-type=\"widget\" data-widget_type=\"button.default\">\n\t\t\t\t<div class=\"elementor-widget-container\">\n\t\t\t\t\t\t\t\t\t<div class=\"elementor-button-wrapper\">\n\t\t\t\t\t<a class=\"elementor-button elementor-button-link elementor-size-sm\" href=\"https:\/\/www.lesclarines.com\/nl\/tourisme\/correncon-ete\/\">\n\t\t\t\t\t\t<span class=\"elementor-button-content-wrapper\">\n\t\t\t\t\t\t\t\t\t<span class=\"elementor-button-text\">Ontdek<\/span>\n\t\t\t\t\t<\/span>\n\t\t\t\t\t<\/a>\n\t\t\t\t<\/div>\n\t\t\t\t\t\t\t\t<\/div>\n\t\t\t\t<\/div>\n\t\t\t\t<\/div>\n\t\t\t\t<\/div>\n\t\t<div class=\"elementor-element elementor-element-fc2040f e-con-full e-flex e-con e-child\" data-id=\"fc2040f\" data-element_type=\"container\" data-e-type=\"container\" data-settings=\"{&quot;background_background&quot;:&quot;classic&quot;}\">\n\t\t\t\t<\/div>\n\t\t\t\t\t<\/div>\n\t\t\t\t<\/div>\n\t\t<div class=\"elementor-element elementor-element-14e91c5 e-flex e-con-boxed e-con e-child\" data-id=\"14e91c5\" data-element_type=\"container\" data-e-type=\"container\" data-settings=\"{&quot;background_background&quot;:&quot;classic&quot;}\">\n\t\t\t\t\t<div class=\"e-con-inner\">\n\t\t<div class=\"elementor-element elementor-element-b999bda e-con-full e-flex e-con e-child\" data-id=\"b999bda\" data-element_type=\"container\" data-e-type=\"container\" data-settings=\"{&quot;background_background&quot;:&quot;classic&quot;}\">\n\t\t\t\t<\/div>\n\t\t<div class=\"elementor-element elementor-element-b68fdec e-con-full e-flex e-con e-child\" data-id=\"b68fdec\" data-element_type=\"container\" data-e-type=\"container\">\n\t\t<div class=\"elementor-element elementor-element-caa5e0d e-con-full e-flex e-con e-child\" data-id=\"caa5e0d\" data-element_type=\"container\" data-e-type=\"container\">\n\t\t\t\t<div class=\"elementor-element elementor-element-09b52ae elementor-widget elementor-widget-heading\" data-id=\"09b52ae\" data-element_type=\"widget\" data-e-type=\"widget\" data-widget_type=\"heading.default\">\n\t\t\t\t<div class=\"elementor-widget-container\">\n\t\t\t\t\t<h3 class=\"elementor-heading-title elementor-size-default\">Corren\u00e7on in de winter<\/h3>\t\t\t\t<\/div>\n\t\t\t\t<\/div>\n\t\t\t\t<div class=\"elementor-element elementor-element-60b37b4 elementor-widget elementor-widget-text-editor\" data-id=\"60b37b4\" data-element_type=\"widget\" data-e-type=\"widget\" data-widget_type=\"text-editor.default\">\n\t\t\t\t<div class=\"elementor-widget-container\">\n\t\t\t\t\t\t\t\t\t<p>In de winter biedt het resort een breed scala aan pistes voor ski\u00ebrs, snowboarders en nordic ski\u00ebrs van alle niveaus, met een prachtig uitzicht over het Vercors-plateau waar je ook van kunt genieten tijdens sneeuwschoenwandelingen.<\/p>\t\t\t\t\t\t\t\t<\/div>\n\t\t\t\t<\/div>\n\t\t\t\t<div class=\"elementor-element elementor-element-99fb83f elementor-align-left elementor-widget elementor-widget-button\" data-id=\"99fb83f\" data-element_type=\"widget\" data-e-type=\"widget\" data-widget_type=\"button.default\">\n\t\t\t\t<div class=\"elementor-widget-container\">\n\t\t\t\t\t\t\t\t\t<div class=\"elementor-button-wrapper\">\n\t\t\t\t\t<a class=\"elementor-button elementor-button-link elementor-size-sm\" href=\"https:\/\/www.lesclarines.com\/nl\/tourisme\/correncon-hiver\/\">\n\t\t\t\t\t\t<span class=\"elementor-button-content-wrapper\">\n\t\t\t\t\t\t\t\t\t<span class=\"elementor-button-text\">Ontdek<\/span>\n\t\t\t\t\t<\/span>\n\t\t\t\t\t<\/a>\n\t\t\t\t<\/div>\n\t\t\t\t\t\t\t\t<\/div>\n\t\t\t\t<\/div>\n\t\t\t\t<\/div>\n\t\t\t\t<\/div>\n\t\t\t\t\t<\/div>\n\t\t\t\t<\/div>\n\t\t\t\t<\/div>\n\t\t<div class=\"elementor-element elementor-element-228fb62 e-flex e-con-boxed e-con e-parent\" data-id=\"228fb62\" data-element_type=\"container\" data-e-type=\"container\">\n\t\t\t\t\t<div class=\"e-con-inner\">\n\t\t\t\t<div class=\"elementor-element elementor-element-0dea61e elementor-widget elementor-widget-heading\" data-id=\"0dea61e\" data-element_type=\"widget\" data-e-type=\"widget\" data-widget_type=\"heading.default\">\n\t\t\t\t<div class=\"elementor-widget-container\">\n\t\t\t\t\t<h2 class=\"elementor-heading-title elementor-size-default\">Zie ook<\/h2>\t\t\t\t<\/div>\n\t\t\t\t<\/div>\n\t\t\t\t<div class=\"elementor-element elementor-element-3b52542 elementor-widget-divider--view-line_icon elementor-view-default elementor-widget-divider--element-align-center elementor-widget elementor-widget-global elementor-global-364 elementor-widget-divider\" data-id=\"3b52542\" data-element_type=\"widget\" data-e-type=\"widget\" data-widget_type=\"divider.default\">\n\t\t\t\t<div class=\"elementor-widget-container\">\n\t\t\t\t\t\t\t<div class=\"elementor-divider\">\n\t\t\t<span class=\"elementor-divider-separator\">\n\t\t\t\t\t\t\t<div class=\"elementor-icon elementor-divider__element\">\n\t\t\t\t\t<i aria-hidden=\"true\" class=\"fas fa-dot-circle\"><\/i><\/div>\n\t\t\t\t\t\t<\/span>\n\t\t<\/div>\n\t\t\t\t\t\t<\/div>\n\t\t\t\t<\/div>\n\t\t<div class=\"elementor-element elementor-element-e6f0a3a e-flex e-con-boxed e-con e-child\" data-id=\"e6f0a3a\" data-element_type=\"container\" data-e-type=\"container\">\n\t\t\t\t\t<div class=\"e-con-inner\">\n\t\t<div class=\"elementor-element elementor-element-9b667f3 e-flex e-con-boxed e-con e-child\" data-id=\"9b667f3\" data-element_type=\"container\" data-e-type=\"container\">\n\t\t\t\t\t<div class=\"e-con-inner\">\n\t\t\t\t<div class=\"elementor-element elementor-element-634d3d2 animated-slow elementor-invisible elementor-widget elementor-widget-image\" data-id=\"634d3d2\" data-element_type=\"widget\" data-e-type=\"widget\" data-settings=\"{&quot;_animation&quot;:&quot;fadeIn&quot;,&quot;_animation_delay&quot;:500}\" data-widget_type=\"image.default\">\n\t\t\t\t<div class=\"elementor-widget-container\">\n\t\t\t\t\t\t\t\t\t\t\t\t\t\t\t\t<a href=\"https:\/\/www.lesclarines.com\/nl\/\">\n\t\t\t\t\t\t\t<img decoding=\"async\" width=\"1440\" height=\"960\" src=\"https:\/\/www.lesclarines.com\/wp-content\/uploads\/2024\/03\/Exterieur.jpg\" class=\"elementor-animation-sink attachment-full size-full wp-image-4370\" alt=\"\" srcset=\"https:\/\/www.lesclarines.com\/wp-content\/uploads\/2024\/03\/Exterieur.jpg 1440w, https:\/\/www.lesclarines.com\/wp-content\/uploads\/2024\/03\/Exterieur-300x200.jpg 300w, https:\/\/www.lesclarines.com\/wp-content\/uploads\/2024\/03\/Exterieur-1024x683.jpg 1024w, https:\/\/www.lesclarines.com\/wp-content\/uploads\/2024\/03\/Exterieur-768x512.jpg 768w, https:\/\/www.lesclarines.com\/wp-content\/uploads\/2024\/03\/Exterieur-18x12.jpg 18w\" sizes=\"(max-width: 1440px) 100vw, 1440px\" title=\"\">\t\t\t\t\t\t\t\t<\/a>\n\t\t\t\t\t\t\t\t\t\t\t\t\t\t\t<\/div>\n\t\t\t\t<\/div>\n\t\t<div class=\"elementor-element elementor-element-6f39212 e-flex e-con-boxed e-con e-child\" data-id=\"6f39212\" data-element_type=\"container\" data-e-type=\"container\" data-settings=\"{&quot;background_background&quot;:&quot;classic&quot;}\">\n\t\t\t\t\t<div class=\"e-con-inner\">\n\t\t<div class=\"elementor-element elementor-element-f1dca1f e-flex e-con-boxed e-con e-child\" data-id=\"f1dca1f\" data-element_type=\"container\" data-e-type=\"container\" data-settings=\"{&quot;background_background&quot;:&quot;classic&quot;}\">\n\t\t\t\t\t<div class=\"e-con-inner\">\n\t\t\t\t<div class=\"elementor-element elementor-element-4314d9b elementor-widget elementor-widget-heading\" data-id=\"4314d9b\" data-element_type=\"widget\" data-e-type=\"widget\" data-widget_type=\"heading.default\">\n\t\t\t\t<div class=\"elementor-widget-container\">\n\t\t\t\t\t<h3 class=\"elementor-heading-title elementor-size-default\">Hotel<\/h3>\t\t\t\t<\/div>\n\t\t\t\t<\/div>\n\t\t\t\t<div class=\"elementor-element elementor-element-c4489ae elementor-widget elementor-widget-text-editor\" data-id=\"c4489ae\" data-element_type=\"widget\" data-e-type=\"widget\" data-widget_type=\"text-editor.default\">\n\t\t\t\t<div class=\"elementor-widget-container\">\n\t\t\t\t\t\t\t\t\t<p>Alle charmes van ons hotel in Corren\u00e7on en Vercors.<\/p>\t\t\t\t\t\t\t\t<\/div>\n\t\t\t\t<\/div>\n\t\t\t\t<div class=\"elementor-element elementor-element-8fe78c1 elementor-align-center elementor-widget elementor-widget-button\" data-id=\"8fe78c1\" data-element_type=\"widget\" data-e-type=\"widget\" data-widget_type=\"button.default\">\n\t\t\t\t<div class=\"elementor-widget-container\">\n\t\t\t\t\t\t\t\t\t<div class=\"elementor-button-wrapper\">\n\t\t\t\t\t<a class=\"elementor-button elementor-button-link elementor-size-sm\" href=\"https:\/\/www.lesclarines.com\/nl\/\">\n\t\t\t\t\t\t<span class=\"elementor-button-content-wrapper\">\n\t\t\t\t\t\t\t\t\t<span class=\"elementor-button-text\">Meer zien<\/span>\n\t\t\t\t\t<\/span>\n\t\t\t\t\t<\/a>\n\t\t\t\t<\/div>\n\t\t\t\t\t\t\t\t<\/div>\n\t\t\t\t<\/div>\n\t\t\t\t\t<\/div>\n\t\t\t\t<\/div>\n\t\t\t\t\t<\/div>\n\t\t\t\t<\/div>\n\t\t\t\t\t<\/div>\n\t\t\t\t<\/div>\n\t\t<div class=\"elementor-element elementor-element-e3520c7 e-flex e-con-boxed e-con e-child\" data-id=\"e3520c7\" data-element_type=\"container\" data-e-type=\"container\">\n\t\t\t\t\t<div class=\"e-con-inner\">\n\t\t\t\t<div class=\"elementor-element elementor-element-d578b9a animated-slow elementor-invisible elementor-widget elementor-widget-image\" data-id=\"d578b9a\" data-element_type=\"widget\" data-e-type=\"widget\" data-settings=\"{&quot;_animation&quot;:&quot;fadeIn&quot;,&quot;_animation_delay&quot;:500}\" data-widget_type=\"image.default\">\n\t\t\t\t<div class=\"elementor-widget-container\">\n\t\t\t\t\t\t\t\t\t\t\t\t\t\t\t\t<a href=\"https:\/\/www.lesclarines.com\/nl\/chambres\/\">\n\t\t\t\t\t\t\t<img loading=\"lazy\" decoding=\"async\" width=\"1497\" height=\"998\" src=\"https:\/\/www.lesclarines.com\/wp-content\/uploads\/2024\/02\/Chambre-montagne-plus-balneo.jpg\" class=\"elementor-animation-sink attachment-full size-full wp-image-4299\" alt=\"\" srcset=\"https:\/\/www.lesclarines.com\/wp-content\/uploads\/2024\/02\/Chambre-montagne-plus-balneo.jpg 1497w, https:\/\/www.lesclarines.com\/wp-content\/uploads\/2024\/02\/Chambre-montagne-plus-balneo-300x200.jpg 300w, https:\/\/www.lesclarines.com\/wp-content\/uploads\/2024\/02\/Chambre-montagne-plus-balneo-1024x683.jpg 1024w, https:\/\/www.lesclarines.com\/wp-content\/uploads\/2024\/02\/Chambre-montagne-plus-balneo-768x512.jpg 768w, https:\/\/www.lesclarines.com\/wp-content\/uploads\/2024\/02\/Chambre-montagne-plus-balneo-18x12.jpg 18w\" sizes=\"(max-width: 1497px) 100vw, 1497px\" title=\"\">\t\t\t\t\t\t\t\t<\/a>\n\t\t\t\t\t\t\t\t\t\t\t\t\t\t\t<\/div>\n\t\t\t\t<\/div>\n\t\t<div class=\"elementor-element elementor-element-9dc1475 e-flex e-con-boxed e-con e-child\" data-id=\"9dc1475\" data-element_type=\"container\" data-e-type=\"container\" data-settings=\"{&quot;background_background&quot;:&quot;classic&quot;}\">\n\t\t\t\t\t<div class=\"e-con-inner\">\n\t\t<div class=\"elementor-element elementor-element-5b80ac2 e-flex e-con-boxed e-con e-child\" data-id=\"5b80ac2\" data-element_type=\"container\" data-e-type=\"container\" data-settings=\"{&quot;background_background&quot;:&quot;classic&quot;}\">\n\t\t\t\t\t<div class=\"e-con-inner\">\n\t\t\t\t<div class=\"elementor-element elementor-element-57c3132 elementor-widget elementor-widget-heading\" data-id=\"57c3132\" data-element_type=\"widget\" data-e-type=\"widget\" data-widget_type=\"heading.default\">\n\t\t\t\t<div class=\"elementor-widget-container\">\n\t\t\t\t\t<h3 class=\"elementor-heading-title elementor-size-default\">Kamers<\/h3>\t\t\t\t<\/div>\n\t\t\t\t<\/div>\n\t\t\t\t<div class=\"elementor-element elementor-element-6a2afac elementor-widget elementor-widget-text-editor\" data-id=\"6a2afac\" data-element_type=\"widget\" data-e-type=\"widget\" data-widget_type=\"text-editor.default\">\n\t\t\t\t<div class=\"elementor-widget-container\">\n\t\t\t\t\t\t\t\t\t<p>Geniet van het comfort van onze verschillende categorie\u00ebn kamers.<\/p>\t\t\t\t\t\t\t\t<\/div>\n\t\t\t\t<\/div>\n\t\t\t\t<div class=\"elementor-element elementor-element-69a0f0a elementor-align-center elementor-widget elementor-widget-button\" data-id=\"69a0f0a\" data-element_type=\"widget\" data-e-type=\"widget\" data-widget_type=\"button.default\">\n\t\t\t\t<div class=\"elementor-widget-container\">\n\t\t\t\t\t\t\t\t\t<div class=\"elementor-button-wrapper\">\n\t\t\t\t\t<a class=\"elementor-button elementor-button-link elementor-size-sm\" href=\"https:\/\/www.lesclarines.com\/nl\/chambres\/\">\n\t\t\t\t\t\t<span class=\"elementor-button-content-wrapper\">\n\t\t\t\t\t\t\t\t\t<span class=\"elementor-button-text\">Meer zien<\/span>\n\t\t\t\t\t<\/span>\n\t\t\t\t\t<\/a>\n\t\t\t\t<\/div>\n\t\t\t\t\t\t\t\t<\/div>\n\t\t\t\t<\/div>\n\t\t\t\t\t<\/div>\n\t\t\t\t<\/div>\n\t\t\t\t\t<\/div>\n\t\t\t\t<\/div>\n\t\t\t\t\t<\/div>\n\t\t\t\t<\/div>\n\t\t<div class=\"elementor-element elementor-element-8c82b78 e-flex e-con-boxed e-con e-child\" data-id=\"8c82b78\" data-element_type=\"container\" data-e-type=\"container\">\n\t\t\t\t\t<div class=\"e-con-inner\">\n\t\t\t\t<div class=\"elementor-element elementor-element-819aa70 animated-slow elementor-invisible elementor-widget elementor-widget-image\" data-id=\"819aa70\" data-element_type=\"widget\" data-e-type=\"widget\" data-settings=\"{&quot;_animation&quot;:&quot;fadeIn&quot;,&quot;_animation_delay&quot;:500}\" data-widget_type=\"image.default\">\n\t\t\t\t<div class=\"elementor-widget-container\">\n\t\t\t\t\t\t\t\t\t\t\t\t\t\t\t\t<a href=\"https:\/\/www.lesclarines.com\/nl\/restaurant-bar\/\">\n\t\t\t\t\t\t\t<img loading=\"lazy\" decoding=\"async\" width=\"1499\" height=\"1124\" src=\"https:\/\/www.lesclarines.com\/wp-content\/uploads\/2024\/03\/restau.jpg\" class=\"elementor-animation-sink attachment-full size-full wp-image-4352\" alt=\"\" srcset=\"https:\/\/www.lesclarines.com\/wp-content\/uploads\/2024\/03\/restau.jpg 1499w, https:\/\/www.lesclarines.com\/wp-content\/uploads\/2024\/03\/restau-300x225.jpg 300w, https:\/\/www.lesclarines.com\/wp-content\/uploads\/2024\/03\/restau-1024x768.jpg 1024w, https:\/\/www.lesclarines.com\/wp-content\/uploads\/2024\/03\/restau-768x576.jpg 768w, https:\/\/www.lesclarines.com\/wp-content\/uploads\/2024\/03\/restau-16x12.jpg 16w\" sizes=\"(max-width: 1499px) 100vw, 1499px\" title=\"\">\t\t\t\t\t\t\t\t<\/a>\n\t\t\t\t\t\t\t\t\t\t\t\t\t\t\t<\/div>\n\t\t\t\t<\/div>\n\t\t<div class=\"elementor-element elementor-element-5103d2b e-flex e-con-boxed e-con e-child\" data-id=\"5103d2b\" data-element_type=\"container\" data-e-type=\"container\" data-settings=\"{&quot;background_background&quot;:&quot;classic&quot;}\">\n\t\t\t\t\t<div class=\"e-con-inner\">\n\t\t<div class=\"elementor-element elementor-element-6307c76 e-flex e-con-boxed e-con e-child\" data-id=\"6307c76\" data-element_type=\"container\" data-e-type=\"container\" data-settings=\"{&quot;background_background&quot;:&quot;classic&quot;}\">\n\t\t\t\t\t<div class=\"e-con-inner\">\n\t\t\t\t<div class=\"elementor-element elementor-element-91c65b4 elementor-widget elementor-widget-heading\" data-id=\"91c65b4\" data-element_type=\"widget\" data-e-type=\"widget\" data-widget_type=\"heading.default\">\n\t\t\t\t<div class=\"elementor-widget-container\">\n\t\t\t\t\t<h3 class=\"elementor-heading-title elementor-size-default\">Restaurant &amp; Bar<\/h3>\t\t\t\t<\/div>\n\t\t\t\t<\/div>\n\t\t\t\t<div class=\"elementor-element elementor-element-f3da7a0 elementor-widget elementor-widget-text-editor\" data-id=\"f3da7a0\" data-element_type=\"widget\" data-e-type=\"widget\" data-widget_type=\"text-editor.default\">\n\t\t\t\t<div class=\"elementor-widget-container\">\n\t\t\t\t\t\t\t\t\t<p>Onze restaurants en bar bieden voor elk wat wils op elk moment van de dag.<\/p>\t\t\t\t\t\t\t\t<\/div>\n\t\t\t\t<\/div>\n\t\t\t\t<div class=\"elementor-element elementor-element-621d4a0 elementor-align-center elementor-widget elementor-widget-button\" data-id=\"621d4a0\" data-element_type=\"widget\" data-e-type=\"widget\" data-widget_type=\"button.default\">\n\t\t\t\t<div class=\"elementor-widget-container\">\n\t\t\t\t\t\t\t\t\t<div class=\"elementor-button-wrapper\">\n\t\t\t\t\t<a class=\"elementor-button elementor-button-link elementor-size-sm\" href=\"https:\/\/www.lesclarines.com\/nl\/restaurant-bar\/\">\n\t\t\t\t\t\t<span class=\"elementor-button-content-wrapper\">\n\t\t\t\t\t\t\t\t\t<span class=\"elementor-button-text\">Meer zien<\/span>\n\t\t\t\t\t<\/span>\n\t\t\t\t\t<\/a>\n\t\t\t\t<\/div>\n\t\t\t\t\t\t\t\t<\/div>\n\t\t\t\t<\/div>\n\t\t\t\t\t<\/div>\n\t\t\t\t<\/div>\n\t\t\t\t\t<\/div>\n\t\t\t\t<\/div>\n\t\t\t\t\t<\/div>\n\t\t\t\t<\/div>\n\t\t\t\t\t<\/div>\n\t\t\t\t<\/div>\n\t\t\t\t\t<\/div>\n\t\t\t\t<\/div>\n\t\t\t\t<\/div>","protected":false},"excerpt":{"rendered":"<p>Tourisme M\u00e9t\u00e9o Notre h\u00f4tel de charme dans le Vercors Pour d\u00e9couvrir les alentours Notre h\u00f4tel de charme du Vercors, situ\u00e9 au c\u0153ur du domaine skiable Villard-Corren\u00e7on et du Parc naturel r\u00e9gional du Vercors, vous invite \u00e0 d\u00e9couvrir de grands espaces propices \u00e0 tous types de randonn\u00e9es (\u00e0 pied, \u00e0 cheval et \u00e0 v\u00e9lo) et \u00e0 [&hellip;]<\/p>\n","protected":false},"author":7,"featured_media":0,"parent":0,"menu_order":0,"comment_status":"closed","ping_status":"closed","template":"","meta":{"inline_featured_image":false,"footnotes":""},"class_list":["post-65","page","type-page","status-publish","hentry"],"_links":{"self":[{"href":"https:\/\/www.lesclarines.com\/nl\/wp-json\/wp\/v2\/pages\/65","targetHints":{"allow":["GET"]}}],"collection":[{"href":"https:\/\/www.lesclarines.com\/nl\/wp-json\/wp\/v2\/pages"}],"about":[{"href":"https:\/\/www.lesclarines.com\/nl\/wp-json\/wp\/v2\/types\/page"}],"author":[{"embeddable":true,"href":"https:\/\/www.lesclarines.com\/nl\/wp-json\/wp\/v2\/users\/7"}],"replies":[{"embeddable":true,"href":"https:\/\/www.lesclarines.com\/nl\/wp-json\/wp\/v2\/comments?post=65"}],"version-history":[{"count":279,"href":"https:\/\/www.lesclarines.com\/nl\/wp-json\/wp\/v2\/pages\/65\/revisions"}],"predecessor-version":[{"id":4450,"href":"https:\/\/www.lesclarines.com\/nl\/wp-json\/wp\/v2\/pages\/65\/revisions\/4450"}],"wp:attachment":[{"href":"https:\/\/www.lesclarines.com\/nl\/wp-json\/wp\/v2\/media?parent=65"}],"curies":[{"name":"wp","href":"https:\/\/api.w.org\/{rel}","templated":true}]}}